{"id":410,"date":"2020-03-27T22:21:29","date_gmt":"2020-03-27T21:21:29","guid":{"rendered":"http:\/\/rogacz.biz\/?page_id=410"},"modified":"2024-01-17T21:59:00","modified_gmt":"2024-01-17T20:59:00","slug":"do-pobrania","status":"publish","type":"page","link":"http:\/\/rogacz.biz\/index.php\/do-pobrania\/","title":{"rendered":"Do pobrania"},"content":{"rendered":"<h4>WA\u017bNA INFORMACJE:<\/h4>\n<h4>Pisma:<\/h4>\n<ol>\n<li><a href=\"http:\/\/rogacz.biz\/wp-content\/uploads\/2020\/03\/Informacja-o-przechowywaniu-broni-i-amunicji.pdf\">Informacja o przechowywaniu broni i amunicji.<\/a><\/li>\n<\/ol>\n<h4>Druki do pobrania:<\/h4>\n<ol>\n<li><a href=\"http:\/\/rogacz.biz\/wp-content\/uploads\/2020\/01\/Wniosek-o-szacowanie-szk%C3%B3d-%C5%82owieckich.pdf\">Zg\u0142oszenie szkody \u0142owieckiej &#8211; wniosek.<\/a><\/li>\n<li><a href=\"http:\/\/rogacz.biz\/wp-content\/uploads\/2020\/04\/Druk-badanie-w-kierunku-klasycznego-pomoru.pdf\">Druk &#8211; badanie w kierunku klasycznego pomoru.<\/a><\/li>\n<li><a href=\"http:\/\/rogacz.biz\/wp-content\/uploads\/2024\/01\/Wlosnia-czysty-formularz-2024.pdf\">Druk &#8211; badanie w kierunku larw w\u0142o\u015bni &#8211; 2024<\/a><\/li>\n<li><a href=\"http:\/\/rogacz.biz\/wp-content\/uploads\/2024\/01\/KRYTERIA_PRZYJECIA_PROBKI_DO_BADANIA_W_KIERUNKU_WYKRYWANIA_LARW_WLOSNI.pdf\">Kryteria przyj\u0119cia pr\u00f3bki do badania &#8211; 2024.<\/a><\/li>\n<li><a href=\"http:\/\/rogacz.biz\/wp-content\/uploads\/2024\/01\/Wlosnia-wzor-wypelnienia-formularza.pdf\">Wz\u00f3r wype\u0142niania druku badania w kierunku w\u0142o\u015bnia &#8211; 2024.<\/a><\/li>\n<li><a href=\"http:\/\/rogacz.biz\/wp-content\/uploads\/2020\/10\/Oswiadczenie-mysliwego_odstrzal-sanitarny.pdf\">O\u015bwiadczenie my\u015bliwego_odstrza\u0142 sanitarny<\/a><\/li>\n<li><a href=\"http:\/\/rogacz.biz\/wp-content\/uploads\/2021\/11\/Zal-1-DDE-19.07.2021-.-III-strefa.pdf\">Dokument epizootyczny 19.07.2021r.<\/a><\/li>\n<\/ol>\n<p><strong>Sta\u017c w kole:<\/strong><\/p>\n<ol>\n<li><a href=\"http:\/\/rogacz.biz\/wp-content\/uploads\/2020\/10\/Wniosek-o-przyjecie-na-staz-zalacznik-do-UCHWALY-NRL-ok.pdf\">Wniosek o przyj\u0119cie na sta\u017c (za\u0142\u0105cznik do UCHWA\u0141Y NR\u0141)-ok<\/a><\/li>\n<\/ol>\n","protected":false},"excerpt":{"rendered":"<p>WA\u017bNA INFORMACJE: Pisma: Informacja o przechowywaniu broni i amunicji. Druki do pobrania: Zg\u0142oszenie szkody \u0142owieckiej &#8211; wniosek. Druk &#8211; badanie w kierunku klasycznego pomoru. Druk &#8211; badanie w kierunku larw w\u0142o\u015bni &#8211; 2024 Kryteria przyj\u0119cia pr\u00f3bki do badania &#8211; 2024. Wz\u00f3r wype\u0142niania druku badania w kierunku w\u0142o\u015bnia &#8211; 2024. O\u015bwiadczenie my\u015bliwego_odstrza\u0142 sanitarny Dokument epizootyczny 19.07.2021r. [&hellip;]<\/p>\n","protected":false},"author":1,"featured_media":0,"parent":0,"menu_order":0,"comment_status":"closed","ping_status":"closed","template":"","meta":{"footnotes":""},"class_list":["post-410","page","type-page","status-publish","hentry"],"_links":{"self":[{"href":"http:\/\/rogacz.biz\/index.php\/wp-json\/wp\/v2\/pages\/410","targetHints":{"allow":["GET"]}}],"collection":[{"href":"http:\/\/rogacz.biz\/index.php\/wp-json\/wp\/v2\/pages"}],"about":[{"href":"http:\/\/rogacz.biz\/index.php\/wp-json\/wp\/v2\/types\/page"}],"author":[{"embeddable":true,"href":"http:\/\/rogacz.biz\/index.php\/wp-json\/wp\/v2\/users\/1"}],"replies":[{"embeddable":true,"href":"http:\/\/rogacz.biz\/index.php\/wp-json\/wp\/v2\/comments?post=410"}],"version-history":[{"count":21,"href":"http:\/\/rogacz.biz\/index.php\/wp-json\/wp\/v2\/pages\/410\/revisions"}],"predecessor-version":[{"id":589,"href":"http:\/\/rogacz.biz\/index.php\/wp-json\/wp\/v2\/pages\/410\/revisions\/589"}],"wp:attachment":[{"href":"http:\/\/rogacz.biz\/index.php\/wp-json\/wp\/v2\/media?parent=410"}],"curies":[{"name":"wp","href":"https:\/\/api.w.org\/{rel}","templated":true}]}}