{"id":10,"date":"2020-01-23T21:06:02","date_gmt":"2020-01-23T20:06:02","guid":{"rendered":"http:\/\/rogacz.biz\/?page_id=10"},"modified":"2025-06-01T13:48:24","modified_gmt":"2025-06-01T11:48:24","slug":"o-nas","status":"publish","type":"page","link":"http:\/\/rogacz.biz\/index.php\/o-nas\/","title":{"rendered":"Zarz\u0105d i Komisja Rewizyjna"},"content":{"rendered":"<hr \/>\n<p><span style=\"color: #000000;\"><strong>Zarz\u0105d Ko\u0142a \u0141owieckiego &#8222;ROGACZ&#8221; w Mi\u0119dzyrzeczu:<\/strong><\/span><\/p>\n<p style=\"padding-left: 320px;\"><span style=\"color: #000000;\"><em><strong>Prezes:<\/strong><\/em>\u00a0 \u00a0 \u00a0 \u00a0 \u00a0 \u00a0 \u00a0Ryszard Ignatowicz<\/span><\/p>\n<p style=\"padding-left: 320px;\"><em><strong><span style=\"color: #000000;\">Wiceprezes:\u00a0<\/span> \u00a0 \u00a0<\/strong><\/em><span style=\"color: #000000;\">Jacek \u0106wiertnia<\/span><\/p>\n<p style=\"padding-left: 320px;\"><span style=\"color: #000000;\"><em><strong>\u0141owczy:<\/strong><\/em>\u00a0 \u00a0 \u00a0 \u00a0 \u00a0 \u00a0 Rados\u0142aw Karolak<\/span><\/p>\n<p style=\"padding-left: 320px;\"><span style=\"color: #000000;\"><em><strong>Sekretarz:<\/strong>\u00a0 \u00a0 \u00a0 \u00a0 <\/em>Daniel Mackiewicz<\/span><\/p>\n<p style=\"padding-left: 320px;\"><span style=\"color: #000000;\"><em><strong>Skarbnik:<\/strong>\u00a0 \u00a0 \u00a0 \u00a0 \u00a0 <\/em>Aleksandra G\u0105dek<\/span><\/p>\n<p>&nbsp;<\/p>\n<hr \/>\n<p><span style=\"color: #000000;\"><strong>Komisja Rewizyjna:<\/strong><\/span><\/p>\n<p style=\"padding-left: 320px;\"><span style=\"font-size: 1rem; color: #000000;\"><em><strong>Przewodnicz\u0105cy:<\/strong><\/em>\u00a0 \u00a0 \u00a0 Jerzy Pawliszak<\/span><\/p>\n<p style=\"padding-left: 320px;\"><span style=\"color: #000000;\"><em><strong>Cz\u0142onek:<\/strong>\u00a0 \u00a0 \u00a0 \u00a0 \u00a0 \u00a0 \u00a0 \u00a0 \u00a0 \u00a0 \u00a0<\/em>Marcin Biesiada<\/span><\/p>\n<p style=\"padding-left: 320px;\"><span style=\"color: #000000;\"><strong><em>Cz\u0142onek:<\/em><\/strong>\u00a0 \u00a0 \u00a0 \u00a0 \u00a0 \u00a0 \u00a0 \u00a0 \u00a0 \u00a0 \u00a0Zenon Skiba<\/span><\/p>\n","protected":false},"excerpt":{"rendered":"<p>Zarz\u0105d Ko\u0142a \u0141owieckiego &#8222;ROGACZ&#8221; w Mi\u0119dzyrzeczu: Prezes:\u00a0 \u00a0 \u00a0 \u00a0 \u00a0 \u00a0 \u00a0Ryszard Ignatowicz Wiceprezes:\u00a0 \u00a0 \u00a0Jacek \u0106wiertnia \u0141owczy:\u00a0 \u00a0 \u00a0 \u00a0 \u00a0 \u00a0 Rados\u0142aw Karolak Sekretarz:\u00a0 \u00a0 \u00a0 \u00a0 Daniel Mackiewicz Skarbnik:\u00a0 \u00a0 \u00a0 \u00a0 \u00a0 Aleksandra G\u0105dek &nbsp; Komisja Rewizyjna: Przewodnicz\u0105cy:\u00a0 \u00a0 \u00a0 Jerzy Pawliszak Cz\u0142onek:\u00a0 \u00a0 \u00a0 \u00a0 \u00a0 \u00a0 \u00a0 \u00a0 [&hellip;]<\/p>\n","protected":false},"author":1,"featured_media":145,"parent":0,"menu_order":0,"comment_status":"closed","ping_status":"closed","template":"","meta":{"footnotes":""},"class_list":["post-10","page","type-page","status-publish","has-post-thumbnail","hentry"],"_links":{"self":[{"href":"http:\/\/rogacz.biz\/index.php\/wp-json\/wp\/v2\/pages\/10","targetHints":{"allow":["GET"]}}],"collection":[{"href":"http:\/\/rogacz.biz\/index.php\/wp-json\/wp\/v2\/pages"}],"about":[{"href":"http:\/\/rogacz.biz\/index.php\/wp-json\/wp\/v2\/types\/page"}],"author":[{"embeddable":true,"href":"http:\/\/rogacz.biz\/index.php\/wp-json\/wp\/v2\/users\/1"}],"replies":[{"embeddable":true,"href":"http:\/\/rogacz.biz\/index.php\/wp-json\/wp\/v2\/comments?post=10"}],"version-history":[{"count":21,"href":"http:\/\/rogacz.biz\/index.php\/wp-json\/wp\/v2\/pages\/10\/revisions"}],"predecessor-version":[{"id":611,"href":"http:\/\/rogacz.biz\/index.php\/wp-json\/wp\/v2\/pages\/10\/revisions\/611"}],"wp:featuredmedia":[{"embeddable":true,"href":"http:\/\/rogacz.biz\/index.php\/wp-json\/wp\/v2\/media\/145"}],"wp:attachment":[{"href":"http:\/\/rogacz.biz\/index.php\/wp-json\/wp\/v2\/media?parent=10"}],"curies":[{"name":"wp","href":"https:\/\/api.w.org\/{rel}","templated":true}]}}